{"id":69,"date":"2023-10-11T12:08:25","date_gmt":"2023-10-11T10:08:25","guid":{"rendered":"https:\/\/sbi29.fr\/blog\/?page_id=69"},"modified":"2026-03-30T14:03:32","modified_gmt":"2026-03-30T12:03:32","slug":"lequipe","status":"publish","type":"page","link":"https:\/\/sbi29.fr\/blog\/lequipe\/","title":{"rendered":"L&rsquo;\u00e9quipe &#038; \u00c9dito"},"content":{"rendered":"<p><span style=\"font-weight: 400;\">SBI29 est votre r\u00e9f\u00e9rence en solutions informatiques et digitales \u2014 maintenance informatique, infrastructure r\u00e9seau, conseils high-tech et d\u00e9cryptage de l&rsquo;\u00e9volution technologique. De l&rsquo;histoire d&rsquo;ARPANET aux enjeux de la 5G, en passant par la cybers\u00e9curit\u00e9 et les outils de productivit\u00e9, nous accompagnons particuliers et professionnels dans la ma\u00eetrise du num\u00e9rique. Notre \u00e9quipe rassemble des ing\u00e9nieurs r\u00e9seau, des d\u00e9veloppeurs, des experts en cybers\u00e9curit\u00e9 et des r\u00e9dacteurs sp\u00e9cialis\u00e9s en technologies de l&rsquo;information.<\/span><\/p>\n","protected":false},"excerpt":{"rendered":"","protected":false},"author":34,"featured_media":0,"parent":0,"menu_order":0,"comment_status":"closed","ping_status":"closed","template":"","meta":{"_acf_changed":false,"manual_indexmenow":false,"indexmenow_id_project":0,"footnotes":""},"class_list":["post-69","page","type-page","status-publish"],"acf":[],"yoast_head":"<!-- This site is optimized with the Yoast SEO Premium plugin v21.3 (Yoast SEO v26.5) - https:\/\/yoast.com\/wordpress\/plugins\/seo\/ -->\n<title>L&#039;\u00e9quipe &amp; \u00c9dito<\/title>\n<meta name=\"description\" content=\"SBI29 est votre r\u00e9f\u00e9rence en solutions informatiques et digitales \u2014 maintenance informatique, infrastructure r\u00e9seau, conseils high-tech et d\u00e9cryptage de\" \/>\n<meta name=\"robots\" content=\"index, follow, max-snippet:-1, max-image-preview:large, max-video-preview:-1\" \/>\n<link rel=\"canonical\" href=\"https:\/\/sbi29.fr\/blog\/lequipe\/\" \/>\n<meta property=\"og:locale\" content=\"fr_FR\" \/>\n<meta property=\"og:type\" content=\"article\" \/>\n<meta property=\"og:title\" content=\"L&#039;\u00e9quipe &amp; \u00c9dito\" \/>\n<meta property=\"og:description\" content=\"SBI29 est votre r\u00e9f\u00e9rence en solutions informatiques et digitales \u2014 maintenance informatique, infrastructure r\u00e9seau, conseils high-tech et d\u00e9cryptage de\" \/>\n<meta property=\"og:url\" content=\"https:\/\/sbi29.fr\/blog\/lequipe\/\" \/>\n<meta property=\"og:site_name\" content=\"sbi29\" \/>\n<meta name=\"twitter:card\" content=\"summary_large_image\" \/>\n<script type=\"application\/ld+json\" class=\"yoast-schema-graph\">{\"@context\":\"https:\/\/schema.org\",\"@graph\":[{\"@type\":\"WebPage\",\"@id\":\"https:\/\/sbi29.fr\/blog\/lequipe\/\",\"url\":\"https:\/\/sbi29.fr\/blog\/lequipe\/\",\"name\":\"L'\u00e9quipe & \u00c9dito\",\"isPartOf\":{\"@id\":\"https:\/\/sbi29.fr\/blog\/#website\"},\"datePublished\":\"2023-10-11T10:08:25+00:00\",\"dateModified\":\"2026-03-30T12:03:32+00:00\",\"description\":\"SBI29 est votre r\u00e9f\u00e9rence en solutions informatiques et digitales \u2014 maintenance informatique, infrastructure r\u00e9seau, conseils high-tech et d\u00e9cryptage de\",\"inLanguage\":\"fr-FR\",\"potentialAction\":[{\"@type\":\"ReadAction\",\"target\":[\"https:\/\/sbi29.fr\/blog\/lequipe\/\"]}]},{\"@type\":\"WebSite\",\"@id\":\"https:\/\/sbi29.fr\/blog\/#website\",\"url\":\"https:\/\/sbi29.fr\/blog\/\",\"name\":\"sbi29.fr\",\"description\":\"SBI29, l&#039;innovation digitale \u00e0 votre service\",\"publisher\":{\"@id\":\"https:\/\/sbi29.fr\/blog\/#organization\"},\"alternateName\":\"SBI29, l'innovation digitale \u00e0 votre service\",\"potentialAction\":[{\"@type\":\"SearchAction\",\"target\":{\"@type\":\"EntryPoint\",\"urlTemplate\":\"https:\/\/sbi29.fr\/blog\/?s={search_term_string}\"},\"query-input\":{\"@type\":\"PropertyValueSpecification\",\"valueRequired\":true,\"valueName\":\"search_term_string\"}}],\"inLanguage\":\"fr-FR\"},{\"@type\":\"Organization\",\"@id\":\"https:\/\/sbi29.fr\/blog\/#organization\",\"name\":\"Foretsensations.fr\",\"url\":\"https:\/\/sbi29.fr\/blog\/\",\"logo\":{\"@type\":\"ImageObject\",\"inLanguage\":\"fr-FR\",\"@id\":\"https:\/\/sbi29.fr\/blog\/#\/schema\/logo\/image\/\",\"url\":\"https:\/\/sbi29.fr\/blog\/wp-content\/uploads\/2024\/12\/SBI29.png\",\"contentUrl\":\"https:\/\/sbi29.fr\/blog\/wp-content\/uploads\/2024\/12\/SBI29.png\",\"width\":500,\"height\":500,\"caption\":\"Foretsensations.fr\"},\"image\":{\"@id\":\"https:\/\/sbi29.fr\/blog\/#\/schema\/logo\/image\/\"}}]}<\/script>\n<!-- \/ Yoast SEO Premium plugin. -->","yoast_head_json":{"title":"L'\u00e9quipe & \u00c9dito","description":"SBI29 est votre r\u00e9f\u00e9rence en solutions informatiques et digitales \u2014 maintenance informatique, infrastructure r\u00e9seau, conseils high-tech et d\u00e9cryptage de","robots":{"index":"index","follow":"follow","max-snippet":"max-snippet:-1","max-image-preview":"max-image-preview:large","max-video-preview":"max-video-preview:-1"},"canonical":"https:\/\/sbi29.fr\/blog\/lequipe\/","og_locale":"fr_FR","og_type":"article","og_title":"L'\u00e9quipe & \u00c9dito","og_description":"SBI29 est votre r\u00e9f\u00e9rence en solutions informatiques et digitales \u2014 maintenance informatique, infrastructure r\u00e9seau, conseils high-tech et d\u00e9cryptage de","og_url":"https:\/\/sbi29.fr\/blog\/lequipe\/","og_site_name":"sbi29","twitter_card":"summary_large_image","schema":{"@context":"https:\/\/schema.org","@graph":[{"@type":"WebPage","@id":"https:\/\/sbi29.fr\/blog\/lequipe\/","url":"https:\/\/sbi29.fr\/blog\/lequipe\/","name":"L'\u00e9quipe & \u00c9dito","isPartOf":{"@id":"https:\/\/sbi29.fr\/blog\/#website"},"datePublished":"2023-10-11T10:08:25+00:00","dateModified":"2026-03-30T12:03:32+00:00","description":"SBI29 est votre r\u00e9f\u00e9rence en solutions informatiques et digitales \u2014 maintenance informatique, infrastructure r\u00e9seau, conseils high-tech et d\u00e9cryptage de","inLanguage":"fr-FR","potentialAction":[{"@type":"ReadAction","target":["https:\/\/sbi29.fr\/blog\/lequipe\/"]}]},{"@type":"WebSite","@id":"https:\/\/sbi29.fr\/blog\/#website","url":"https:\/\/sbi29.fr\/blog\/","name":"sbi29.fr","description":"SBI29, l&#039;innovation digitale \u00e0 votre service","publisher":{"@id":"https:\/\/sbi29.fr\/blog\/#organization"},"alternateName":"SBI29, l'innovation digitale \u00e0 votre service","potentialAction":[{"@type":"SearchAction","target":{"@type":"EntryPoint","urlTemplate":"https:\/\/sbi29.fr\/blog\/?s={search_term_string}"},"query-input":{"@type":"PropertyValueSpecification","valueRequired":true,"valueName":"search_term_string"}}],"inLanguage":"fr-FR"},{"@type":"Organization","@id":"https:\/\/sbi29.fr\/blog\/#organization","name":"Foretsensations.fr","url":"https:\/\/sbi29.fr\/blog\/","logo":{"@type":"ImageObject","inLanguage":"fr-FR","@id":"https:\/\/sbi29.fr\/blog\/#\/schema\/logo\/image\/","url":"https:\/\/sbi29.fr\/blog\/wp-content\/uploads\/2024\/12\/SBI29.png","contentUrl":"https:\/\/sbi29.fr\/blog\/wp-content\/uploads\/2024\/12\/SBI29.png","width":500,"height":500,"caption":"Foretsensations.fr"},"image":{"@id":"https:\/\/sbi29.fr\/blog\/#\/schema\/logo\/image\/"}}]}},"_links":{"self":[{"href":"https:\/\/sbi29.fr\/blog\/wp-json\/wp\/v2\/pages\/69","targetHints":{"allow":["GET"]}}],"collection":[{"href":"https:\/\/sbi29.fr\/blog\/wp-json\/wp\/v2\/pages"}],"about":[{"href":"https:\/\/sbi29.fr\/blog\/wp-json\/wp\/v2\/types\/page"}],"author":[{"embeddable":true,"href":"https:\/\/sbi29.fr\/blog\/wp-json\/wp\/v2\/users\/34"}],"replies":[{"embeddable":true,"href":"https:\/\/sbi29.fr\/blog\/wp-json\/wp\/v2\/comments?post=69"}],"version-history":[{"count":35,"href":"https:\/\/sbi29.fr\/blog\/wp-json\/wp\/v2\/pages\/69\/revisions"}],"predecessor-version":[{"id":7716,"href":"https:\/\/sbi29.fr\/blog\/wp-json\/wp\/v2\/pages\/69\/revisions\/7716"}],"wp:attachment":[{"href":"https:\/\/sbi29.fr\/blog\/wp-json\/wp\/v2\/media?parent=69"}],"curies":[{"name":"wp","href":"https:\/\/api.w.org\/{rel}","templated":true}]}}