{"id":66,"date":"2023-10-11T12:06:52","date_gmt":"2023-10-11T10:06:52","guid":{"rendered":"https:\/\/sbi29.fr\/blog\/?page_id=66"},"modified":"2023-10-11T12:06:52","modified_gmt":"2023-10-11T10:06:52","slug":"plan-du-site","status":"publish","type":"page","link":"https:\/\/sbi29.fr\/blog\/plan-du-site\/","title":{"rendered":"Plan du site"},"content":{"rendered":"<h2><a href=\"https:\/\/sbi29.fr\/blog\/a-la-une\/\" class=\"simple\">\u00c0 la une<\/a><\/h2><ul><li><a href=\"https:\/\/sbi29.fr\/blog\/a-la-une\/boucle-shell-fonctionnement-cas-dusage-et-optimisation-des-scripts\/\" class=\"simple\">Boucle Shell : Fonctionnement, cas d\u2019usage et optimisation des scripts<\/a><\/li><li><a href=\"https:\/\/sbi29.fr\/blog\/a-la-une\/comment-fonctionne-lalgorithme-de-tri-en-python-pour-optimiser-vos-programmes\/\" class=\"simple\">Comment fonctionne l&#039;algorithme de tri en Python pour optimiser vos programmes<\/a><\/li><li><a href=\"https:\/\/sbi29.fr\/blog\/a-la-une\/boite-de-production-audiovisuelle-guide-complet-des-services-et-expertises\/\" class=\"simple\">Bo\u00eete de production audiovisuelle : guide complet des services et expertises<\/a><\/li><li><a href=\"https:\/\/sbi29.fr\/blog\/a-la-une\/black-friday-logitech-quand-et-comment-profiter-des-meilleures-offres-2\/\" class=\"simple\">Black Friday Logitech : Quand et Comment Profiter des Meilleures Offres<\/a><\/li><li><a href=\"https:\/\/sbi29.fr\/blog\/a-la-une\/la-souris-logitech-m310-un-choix-ideal-pour-les-canadiens\/\" class=\"simple\">La Souris Logitech M310 : Un Choix Id\u00e9al pour les Canadiens<\/a><\/li><li><a href=\"https:\/\/sbi29.fr\/blog\/a-la-une\/adaptateur-logitech-thrustmaster-ameliorez-votre-experience-de-jeu-de-course\/\" class=\"simple\">Adaptateur Logitech Thrustmaster : Am\u00e9liorez Votre Exp\u00e9rience de Jeu de Course<\/a><\/li><li><a href=\"https:\/\/sbi29.fr\/blog\/a-la-une\/black-friday-logitech-quand-et-comment-profiter-des-meilleures-offres\/\" class=\"simple\">Black Friday Logitech : Quand et Comment Profiter des Meilleures Offres<\/a><\/li><li><a href=\"https:\/\/sbi29.fr\/blog\/a-la-une\/les-processeurs-amd-ryzen-performances-et-technologies\/\" class=\"simple\">Les Processeurs AMD Ryzen : Performances et Technologies<\/a><\/li><li><a href=\"https:\/\/sbi29.fr\/blog\/a-la-une\/akoma-web-votre-agence-web-a-espalion-en-aveyron\/\" class=\"simple\">Akoma Web : votre agence web \u00e0 Espalion en Aveyron<\/a><\/li><li><a href=\"https:\/\/sbi29.fr\/blog\/a-la-une\/connexion-informatique-a-olivet-guide-complet-pour-etablir-votre-reseau\/\" class=\"simple\">Connexion Informatique \u00e0 Olivet : Guide Complet pour \u00c9tablir Votre R\u00e9seau<\/a><\/li><li><a href=\"https:\/\/sbi29.fr\/blog\/a-la-une\/calcul-du-contrat-de-maintenance-informatique-guide-complet-et-conseils-pratiques\/\" class=\"simple\">Calcul du contrat de maintenance informatique : Guide complet et conseils pratiques<\/a><\/li><li><a href=\"https:\/\/sbi29.fr\/blog\/a-la-une\/comprendre-la-confluence-informatique-enjeux-et-opportunites\/\" class=\"simple\">Comprendre la confluence informatique : enjeux et opportunit\u00e9s<\/a><\/li><li><a href=\"https:\/\/sbi29.fr\/blog\/a-la-une\/boite-a-outils-informatique-les-indispensables-pour-les-utilisateurs-modernes\/\" class=\"simple\">Bo\u00eete \u00e0 outils informatique : Les indispensables pour les utilisateurs modernes<\/a><\/li><li><a href=\"https:\/\/sbi29.fr\/blog\/a-la-une\/bidouille-informatique-astuces-et-conseils-pour-les-passionnes\/\" class=\"simple\">Bidouille informatique : astuces et conseils pour les passionn\u00e9s<\/a><\/li><li><a href=\"https:\/\/sbi29.fr\/blog\/a-la-une\/pc-informatique-a-lusignan-guide-dachat-et-conseils-pratiques\/\" class=\"simple\">PC Informatique \u00e0 Lusignan : Guide d&#039;Achat et Conseils Pratiques<\/a><\/li><li><a href=\"https:\/\/sbi29.fr\/blog\/a-la-une\/bouzille-informatique-beziers-votre-partenaire-technologique-local\/\" class=\"simple\">Bouzille Informatique B\u00e9ziers : Votre Partenaire Technologique Local<\/a><\/li><li><a href=\"https:\/\/sbi29.fr\/blog\/a-la-une\/votre-magasin-informatique-a-la-roche-sur-foron-conseils-et-meilleures-adresses\/\" class=\"simple\">Votre magasin informatique \u00e0 La Roche-sur-Foron : conseils et meilleures adresses<\/a><\/li><li><a href=\"https:\/\/sbi29.fr\/blog\/a-la-une\/decouvrez-les-meilleurs-magasins-informatiques-a-montceau-les-mines\/\" class=\"simple\">D\u00e9couvrez les meilleurs magasins informatiques \u00e0 Montceau-les-Mines<\/a><\/li><li><a href=\"https:\/\/sbi29.fr\/blog\/a-la-une\/athena-informatique-solutions-innovantes-pour-le-futur-numerique\/\" class=\"simple\">Athena Informatique : Solutions Innovantes pour le Futur Num\u00e9rique<\/a><\/li><li><a href=\"https:\/\/sbi29.fr\/blog\/a-la-une\/centre-de-formation-informatique-a-toulouse-votre-passerelle-vers-lavenir-numerique\/\" class=\"simple\">Centre de formation informatique \u00e0 Toulouse : votre passerelle vers l&#039;avenir num\u00e9rique<\/a><\/li><li><a href=\"https:\/\/sbi29.fr\/blog\/a-la-une\/cdo-informatique-role-importance-et-perspectives-davenir\/\" class=\"simple\">CDO Informatique : R\u00f4le, Importance et Perspectives d&#039;Avenir<\/a><\/li><li><a href=\"https:\/\/sbi29.fr\/blog\/a-la-une\/depannage-informatique-a-begles-solutions-rapides-et-efficaces\/\" class=\"simple\">D\u00e9pannage informatique \u00e0 B\u00e8gles : solutions rapides et efficaces<\/a><\/li><li><a href=\"https:\/\/sbi29.fr\/blog\/a-la-une\/les-publicites-informatiques-un-guide-complet-pour-les-professionnels-et-les-passionnes\/\" class=\"simple\">Les publicit\u00e9s informatiques : Un guide complet pour les professionnels et les passionn\u00e9s<\/a><\/li><li><a href=\"https:\/\/sbi29.fr\/blog\/a-la-une\/emploi-informatique-sans-diplome-comment-reussir-dans-ce-secteur-en-pleine-expansion\/\" class=\"simple\">Emploi informatique sans dipl\u00f4me : comment r\u00e9ussir dans ce secteur en pleine expansion<\/a><\/li><li><a href=\"https:\/\/sbi29.fr\/blog\/a-la-une\/comprendre-le-cpm-informatique-strategies-et-avantages-pour-votre-entreprise\/\" class=\"simple\">Comprendre le CPM Informatique : Strat\u00e9gies et Avantages pour Votre Entreprise<\/a><\/li><li><a href=\"https:\/\/sbi29.fr\/blog\/a-la-une\/acheter-de-linformatique-doccasion-a-montpellier-guide-et-astuces\/\" class=\"simple\">Acheter de l&#039;informatique d&#039;occasion \u00e0 Montpellier : Guide et astuces<\/a><\/li><li><a href=\"https:\/\/sbi29.fr\/blog\/a-la-une\/decouvrez-les-entreprises-informatiques-dans-le-var-services-et-innovations\/\" class=\"simple\">D\u00e9couvrez les entreprises informatiques dans le Var : services et innovations<\/a><\/li><li><a href=\"https:\/\/sbi29.fr\/blog\/a-la-une\/comprendre-ladn-informatique-definition-importance-et-applications-pratiques\/\" class=\"simple\">Comprendre l&#039;ADN Informatique : D\u00e9finition, Importance et Applications Pratiques<\/a><\/li><li><a href=\"https:\/\/sbi29.fr\/blog\/a-la-une\/comprendre-le-cim-informatique-definition-applications-et-perspectives\/\" class=\"simple\">Comprendre le CIM Informatique : D\u00e9finition, Applications et Perspectives<\/a><\/li><\/ul><h2><a href=\"https:\/\/sbi29.fr\/blog\/architecture-dinternet\/\" class=\"simple\">Architecture d&#039;Internet<\/a><\/h2><ul><li><a href=\"https:\/\/sbi29.fr\/blog\/architecture-dinternet\/comment-optimiser-votre-bande-passante-pour-un-debit-internet-plus-rapide\/\" class=\"simple\">Comment optimiser votre bande passante pour un d\u00e9bit Internet plus rapide<\/a><\/li><li><a href=\"https:\/\/sbi29.fr\/blog\/architecture-dinternet\/point-dechange-internet-ixp-comment-il-optimise-le-trafic-mondial\/\" class=\"simple\">Point d&#039;\u00e9change Internet (IXP) : comment il optimise le trafic mondial<\/a><\/li><li><a href=\"https:\/\/sbi29.fr\/blog\/architecture-dinternet\/tout-savoir-sur-le-reseau-backbone-linfrastructure-cle-dinternet\/\" class=\"simple\">Tout savoir sur le r\u00e9seau backbone : l&#039;infrastructure cl\u00e9 d&#039;Internet<\/a><\/li><li><a href=\"https:\/\/sbi29.fr\/blog\/architecture-dinternet\/infrastructure-as-code-comment-simplifier-la-gestion-cloud-avec-des-fichiers-de-configuration\/\" class=\"simple\">Infrastructure as Code : comment simplifier la gestion cloud avec des fichiers de configuration<\/a><\/li><li><a href=\"https:\/\/sbi29.fr\/blog\/architecture-dinternet\/ipv6-comment-il-revolutionne-lavenir-dinternet-et-ses-enjeux-cles\/\" class=\"simple\">IPv6 : Comment il r\u00e9volutionne l\u2019avenir d\u2019Internet et ses enjeux cl\u00e9s<\/a><\/li><li><a href=\"https:\/\/sbi29.fr\/blog\/architecture-dinternet\/comment-fonctionne-un-cdn-pour-optimiser-la-diffusion-de-contenu-web\/\" class=\"simple\">Comment fonctionne un CDN pour optimiser la diffusion de contenu web<\/a><\/li><li><a href=\"https:\/\/sbi29.fr\/blog\/architecture-dinternet\/peering-internet\/\" class=\"simple\">peering internet<\/a><\/li><li><a href=\"https:\/\/sbi29.fr\/blog\/architecture-dinternet\/comment-fonctionne-le-dns-le-systeme-essentiel-qui-traduit-les-noms-de-domaine-en-adresses-ip\/\" class=\"simple\">Comment fonctionne le DNS : le syst\u00e8me essentiel qui traduit les noms de domaine en adresses IP<\/a><\/li><li><a href=\"https:\/\/sbi29.fr\/blog\/architecture-dinternet\/le-protocole-bgp-fonctionnement-et-role-cle-dans-le-routage-internet\/\" class=\"simple\">Le protocole BGP : fonctionnement et r\u00f4le cl\u00e9 dans le routage Internet<\/a><\/li><li><a href=\"https:\/\/sbi29.fr\/blog\/architecture-dinternet\/tout-savoir-sur-le-routage-ip-fonctionnement-techniques-et-applications\/\" class=\"simple\">Tout savoir sur le routage IP : fonctionnement, techniques et applications<\/a><\/li><li><a href=\"https:\/\/sbi29.fr\/blog\/architecture-dinternet\/comment-fonctionne-le-protocole-tcp-ip-pour-optimiser-vos-reseaux-internet\/\" class=\"simple\">Comment fonctionne le protocole TCP\/IP pour optimiser vos r\u00e9seaux Internet<\/a><\/li><li><a href=\"https:\/\/sbi29.fr\/blog\/architecture-dinternet\/comment-fonctionne-le-modele-tcp-ip-principes-cles-de-larchitecture-internet\/\" class=\"simple\">Comment fonctionne le mod\u00e8le TCP\/IP : principes cl\u00e9s de l&#039;architecture Internet<\/a><\/li><li><a href=\"https:\/\/sbi29.fr\/blog\/architecture-dinternet\/dns-comment-fonctionne-le-systeme-hierarchique-qui-traduit-les-noms-de-domaine-en-adresses-ip\/\" class=\"simple\">DNS : Comment fonctionne le syst\u00e8me hi\u00e9rarchique qui traduit les noms de domaine en adresses IP<\/a><\/li><li><a href=\"https:\/\/sbi29.fr\/blog\/architecture-dinternet\/fibre-optique-comment-cette-technologie-revolutionne-la-connectivite-en-2024\/\" class=\"simple\">Fibre optique : comment cette technologie r\u00e9volutionne la connectivit\u00e9 en 2024<\/a><\/li><li><a href=\"https:\/\/sbi29.fr\/blog\/architecture-dinternet\/protocole-reseau-fonctionnement-types-et-applications-essentielles\/\" class=\"simple\">Protocole r\u00e9seau : fonctionnement, types et applications essentielles<\/a><\/li><li><a href=\"https:\/\/sbi29.fr\/blog\/architecture-dinternet\/serveur-local-comment-creer-un-environnement-de-test-pour-le-developpement-web\/\" class=\"simple\">Serveur local : comment cr\u00e9er un environnement de test pour le d\u00e9veloppement web<\/a><\/li><li><a href=\"https:\/\/sbi29.fr\/blog\/architecture-dinternet\/les-fondamentaux-de-larchitecture-internet-principes-et-enjeux-cles\/\" class=\"simple\">Les fondamentaux de l&#039;architecture Internet : principes et enjeux cl\u00e9s<\/a><\/li><li><a href=\"https:\/\/sbi29.fr\/blog\/architecture-dinternet\/les-composants-cles-de-linfrastructure-internet-pour-une-connexion-fiable\/\" class=\"simple\">Les composants cl\u00e9s de l&#039;infrastructure internet pour une connexion fiable<\/a><\/li><li><a href=\"https:\/\/sbi29.fr\/blog\/architecture-dinternet\/body-browser\/\" class=\"simple\">body browser<\/a><\/li><li><a href=\"https:\/\/sbi29.fr\/blog\/architecture-dinternet\/comment-utiliser-un-bouton-poussoir-sur-arduino-pour-des-projets-interactifs\/\" class=\"simple\">Comment utiliser un bouton poussoir sur Arduino pour des projets interactifs<\/a><\/li><li><a href=\"https:\/\/sbi29.fr\/blog\/architecture-dinternet\/maitriser-vba-workbook-analyse-approfondie-pour-automatiser-vos-taches-excel\/\" class=\"simple\">Ma\u00eetriser VBA Workbook : Analyse approfondie pour automatiser vos t\u00e2ches Excel<\/a><\/li><li><a href=\"https:\/\/sbi29.fr\/blog\/architecture-dinternet\/comprendre-lheritage-en-python-concepts-cles-et-applications-pratiques\/\" class=\"simple\">Comprendre l&#039;h\u00e9ritage en Python : Concepts cl\u00e9s et applications pratiques<\/a><\/li><li><a href=\"https:\/\/sbi29.fr\/blog\/architecture-dinternet\/la-methode-confidentielle-qui-revele-la-puissance-secrete-du-logitech-z-5500-digital-pour-un-son-immersif-inegale\/\" class=\"simple\">La m\u00e9thode confidentielle qui r\u00e9v\u00e8le la puissance secr\u00e8te du Logitech Z-5500 Digital pour un son immersif in\u00e9gal\u00e9<\/a><\/li><\/ul><h2><a href=\"https:\/\/sbi29.fr\/blog\/futurs-et-tendances-de-linfrastructure-internet\/\" class=\"simple\">Futurs et Tendances de l&#039;Infrastructure Internet<\/a><\/h2><ul><li><a href=\"https:\/\/sbi29.fr\/blog\/futurs-et-tendances-de-linfrastructure-internet\/fibre-optique-ftth-la-solution-davenir-pour-une-connexion-ultra-rapide\/\" class=\"simple\">Fibre optique FTTH : la solution d\u2019avenir pour une connexion ultra-rapide<\/a><\/li><\/ul><h2><a href=\"https:\/\/sbi29.fr\/blog\/histoire-de-linfrastructure-internet\/\" class=\"simple\">Histoire de l&#039;Infrastructure Internet<\/a><\/h2><ul><li><a href=\"https:\/\/sbi29.fr\/blog\/histoire-de-linfrastructure-internet\/datacenters-en-france-fonctionnement-enjeux-et-perspectives-davenir\/\" class=\"simple\">Datacenters en France : fonctionnement, enjeux et perspectives d\u2019avenir<\/a><\/li><li><a href=\"https:\/\/sbi29.fr\/blog\/histoire-de-linfrastructure-internet\/lhistoire-meconnue-de-linfrastructure-internet-des-premiers-reseaux-a-arpanet\/\" class=\"simple\">L&#039;histoire m\u00e9connue de l&#039;infrastructure internet : des premiers r\u00e9seaux \u00e0 ARPANET<\/a><\/li><li><a href=\"https:\/\/sbi29.fr\/blog\/histoire-de-linfrastructure-internet\/forum-logitech\/\" class=\"simple\">forum logitech<\/a><\/li><li><a href=\"https:\/\/sbi29.fr\/blog\/histoire-de-linfrastructure-internet\/body-browser-la-revolution-immersive-3d-pour-explorer-lanatomie-sans-materiel-lourd\/\" class=\"simple\">Body Browser : La r\u00e9volution immersive 3D pour explorer l\u2019anatomie sans mat\u00e9riel lourd<\/a><\/li><\/ul><h2><a href=\"https:\/\/sbi29.fr\/blog\/securite-et-resilience-des-reseaux\/\" class=\"simple\">S\u00e9curit\u00e9 et R\u00e9silience des R\u00e9seaux<\/a><\/h2><ul><li><a href=\"https:\/\/sbi29.fr\/blog\/securite-et-resilience-des-reseaux\/latence-reseau-definition-causes-et-solutions-pour-une-connexion-plus-reactive\/\" class=\"simple\">Latence r\u00e9seau : d\u00e9finition, causes et solutions pour une connexion plus r\u00e9active<\/a><\/li><li><a href=\"https:\/\/sbi29.fr\/blog\/securite-et-resilience-des-reseaux\/comment-prevenir-efficacement-les-attaques-ddos-volumetriques-en-2024\/\" class=\"simple\">Comment pr\u00e9venir efficacement les attaques DDoS volum\u00e9triques en 2024<\/a><\/li><li><a href=\"https:\/\/sbi29.fr\/blog\/securite-et-resilience-des-reseaux\/la-resilience-des-reseaux-comment-assurer-une-connectivite-fiable-malgre-les-perturbations\/\" class=\"simple\">La r\u00e9silience des r\u00e9seaux : comment assurer une connectivit\u00e9 fiable malgr\u00e9 les perturbations<\/a><\/li><li><a href=\"https:\/\/sbi29.fr\/blog\/securite-et-resilience-des-reseaux\/securite-reseaux-en-2026-anticiper-les-menaces-avec-la-strategie-zero-trust\/\" class=\"simple\">S\u00e9curit\u00e9 r\u00e9seaux en 2026 : Anticiper les menaces avec la strat\u00e9gie Zero Trust<\/a><\/li><li><a href=\"https:\/\/sbi29.fr\/blog\/securite-et-resilience-des-reseaux\/comprendre-le-cast-en-c-conversions-de-type-explicites-et-applications\/\" class=\"simple\">Comprendre le cast en C : conversions de type explicites et applications<\/a><\/li><li><a href=\"https:\/\/sbi29.fr\/blog\/securite-et-resilience-des-reseaux\/maitriser-vba-workbook-astuces-essentielles-pour-automatiser-excel-efficacement\/\" class=\"simple\">Ma\u00eetriser VBA Workbook : Astuces essentielles pour automatiser Excel efficacement<\/a><\/li><li><a href=\"https:\/\/sbi29.fr\/blog\/securite-et-resilience-des-reseaux\/logitech-quickcam-pro-9000-analyse-de-la-webcam-hd-pour-la-visioconference\/\" class=\"simple\">Logitech QuickCam Pro 9000 : Analyse de la webcam HD pour la visioconf\u00e9rence<\/a><\/li><li><a href=\"https:\/\/sbi29.fr\/blog\/securite-et-resilience-des-reseaux\/logitech-bcc950-drivers-fonctionnement-et-optimisation-pour-la-visio-conference\/\" class=\"simple\">Logitech BCC950 Drivers : Fonctionnement et Optimisation pour la Visio Conf\u00e9rence<\/a><\/li><li><a href=\"https:\/\/sbi29.fr\/blog\/securite-et-resilience-des-reseaux\/comparer-les-methodes-natives-de-java-pour-la-comparaison-de-strings\/\" class=\"simple\">Comparer les m\u00e9thodes natives de Java pour la comparaison de strings<\/a><\/li><li><a href=\"https:\/\/sbi29.fr\/blog\/securite-et-resilience-des-reseaux\/comprendre-le-cast-en-c-conversion-explicite-et-implicite-expliquees\/\" class=\"simple\">Comprendre le cast en C : conversion explicite et implicite expliqu\u00e9es<\/a><\/li><li><a href=\"https:\/\/sbi29.fr\/blog\/securite-et-resilience-des-reseaux\/aide-au-codage-cim-10-comprendre-la-classification-et-ses-applications\/\" class=\"simple\">Aide au codage CIM 10 : Comprendre la classification et ses applications<\/a><\/li><li><a href=\"https:\/\/sbi29.fr\/blog\/securite-et-resilience-des-reseaux\/vba-list-fonctionnalites-cles-et-applications-pour-automatiser-excel\/\" class=\"simple\">VBA List : Fonctionnalit\u00e9s cl\u00e9s et applications pour automatiser Excel<\/a><\/li><li><a href=\"https:\/\/sbi29.fr\/blog\/securite-et-resilience-des-reseaux\/la-technique-secrete-pour-optimiser-le-driver-logitech-mx-anywhere-2-et-booster-votre-productivite-en-2025\/\" class=\"simple\">La technique secr\u00e8te pour optimiser le driver Logitech MX Anywhere 2 et booster votre productivit\u00e9 en 2025<\/a><\/li><li><a href=\"https:\/\/sbi29.fr\/blog\/securite-et-resilience-des-reseaux\/la-revolution-secrete-de-logitech-teams-rooms-qui-booste-la-productivite-hybride-en-2025\/\" class=\"simple\">La r\u00e9volution secr\u00e8te de Logitech Teams Rooms qui booste la productivit\u00e9 hybride en 2025<\/a><\/li><li><a href=\"https:\/\/sbi29.fr\/blog\/securite-et-resilience-des-reseaux\/la-technique-secrete-de-logitech-pour-des-enceintes-compactes-ultra-puissantes-et-precises-revelee\/\" class=\"simple\">La technique secr\u00e8te de Logitech pour des enceintes compactes ultra puissantes et pr\u00e9cises r\u00e9v\u00e9l\u00e9e<\/a><\/li><\/ul>\n","protected":false},"excerpt":{"rendered":"","protected":false},"author":34,"featured_media":0,"parent":0,"menu_order":0,"comment_status":"closed","ping_status":"closed","template":"","meta":{"_acf_changed":false,"manual_indexmenow":false,"indexmenow_id_project":0,"footnotes":""},"class_list":["post-66","page","type-page","status-publish"],"acf":[],"yoast_head":"<!-- This site is optimized with the Yoast SEO Premium plugin v21.3 (Yoast SEO v26.5) - https:\/\/yoast.com\/wordpress\/plugins\/seo\/ -->\n<title>Plan du site<\/title>\n<meta name=\"robots\" content=\"index, follow, max-snippet:-1, max-image-preview:large, max-video-preview:-1\" \/>\n<link rel=\"canonical\" href=\"https:\/\/sbi29.fr\/blog\/plan-du-site\/\" \/>\n<meta property=\"og:locale\" content=\"fr_FR\" \/>\n<meta property=\"og:type\" content=\"article\" \/>\n<meta property=\"og:title\" content=\"Plan du site\" \/>\n<meta property=\"og:url\" content=\"https:\/\/sbi29.fr\/blog\/plan-du-site\/\" \/>\n<meta property=\"og:site_name\" content=\"sbi29\" \/>\n<meta name=\"twitter:card\" content=\"summary_large_image\" \/>\n<script type=\"application\/ld+json\" class=\"yoast-schema-graph\">{\"@context\":\"https:\/\/schema.org\",\"@graph\":[{\"@type\":\"WebPage\",\"@id\":\"https:\/\/sbi29.fr\/blog\/plan-du-site\/\",\"url\":\"https:\/\/sbi29.fr\/blog\/plan-du-site\/\",\"name\":\"Plan du site\",\"isPartOf\":{\"@id\":\"https:\/\/sbi29.fr\/blog\/#website\"},\"datePublished\":\"2023-10-11T10:06:52+00:00\",\"inLanguage\":\"fr-FR\",\"potentialAction\":[{\"@type\":\"ReadAction\",\"target\":[\"https:\/\/sbi29.fr\/blog\/plan-du-site\/\"]}]},{\"@type\":\"WebSite\",\"@id\":\"https:\/\/sbi29.fr\/blog\/#website\",\"url\":\"https:\/\/sbi29.fr\/blog\/\",\"name\":\"sbi29.fr\",\"description\":\"SBI29, l&#039;innovation digitale \u00e0 votre service\",\"publisher\":{\"@id\":\"https:\/\/sbi29.fr\/blog\/#organization\"},\"alternateName\":\"SBI29, l'innovation digitale \u00e0 votre service\",\"potentialAction\":[{\"@type\":\"SearchAction\",\"target\":{\"@type\":\"EntryPoint\",\"urlTemplate\":\"https:\/\/sbi29.fr\/blog\/?s={search_term_string}\"},\"query-input\":{\"@type\":\"PropertyValueSpecification\",\"valueRequired\":true,\"valueName\":\"search_term_string\"}}],\"inLanguage\":\"fr-FR\"},{\"@type\":\"Organization\",\"@id\":\"https:\/\/sbi29.fr\/blog\/#organization\",\"name\":\"Foretsensations.fr\",\"url\":\"https:\/\/sbi29.fr\/blog\/\",\"logo\":{\"@type\":\"ImageObject\",\"inLanguage\":\"fr-FR\",\"@id\":\"https:\/\/sbi29.fr\/blog\/#\/schema\/logo\/image\/\",\"url\":\"https:\/\/sbi29.fr\/blog\/wp-content\/uploads\/2024\/12\/SBI29.png\",\"contentUrl\":\"https:\/\/sbi29.fr\/blog\/wp-content\/uploads\/2024\/12\/SBI29.png\",\"width\":500,\"height\":500,\"caption\":\"Foretsensations.fr\"},\"image\":{\"@id\":\"https:\/\/sbi29.fr\/blog\/#\/schema\/logo\/image\/\"}}]}<\/script>\n<!-- \/ Yoast SEO Premium plugin. -->","yoast_head_json":{"title":"Plan du site","robots":{"index":"index","follow":"follow","max-snippet":"max-snippet:-1","max-image-preview":"max-image-preview:large","max-video-preview":"max-video-preview:-1"},"canonical":"https:\/\/sbi29.fr\/blog\/plan-du-site\/","og_locale":"fr_FR","og_type":"article","og_title":"Plan du site","og_url":"https:\/\/sbi29.fr\/blog\/plan-du-site\/","og_site_name":"sbi29","twitter_card":"summary_large_image","schema":{"@context":"https:\/\/schema.org","@graph":[{"@type":"WebPage","@id":"https:\/\/sbi29.fr\/blog\/plan-du-site\/","url":"https:\/\/sbi29.fr\/blog\/plan-du-site\/","name":"Plan du site","isPartOf":{"@id":"https:\/\/sbi29.fr\/blog\/#website"},"datePublished":"2023-10-11T10:06:52+00:00","inLanguage":"fr-FR","potentialAction":[{"@type":"ReadAction","target":["https:\/\/sbi29.fr\/blog\/plan-du-site\/"]}]},{"@type":"WebSite","@id":"https:\/\/sbi29.fr\/blog\/#website","url":"https:\/\/sbi29.fr\/blog\/","name":"sbi29.fr","description":"SBI29, l&#039;innovation digitale \u00e0 votre service","publisher":{"@id":"https:\/\/sbi29.fr\/blog\/#organization"},"alternateName":"SBI29, l'innovation digitale \u00e0 votre service","potentialAction":[{"@type":"SearchAction","target":{"@type":"EntryPoint","urlTemplate":"https:\/\/sbi29.fr\/blog\/?s={search_term_string}"},"query-input":{"@type":"PropertyValueSpecification","valueRequired":true,"valueName":"search_term_string"}}],"inLanguage":"fr-FR"},{"@type":"Organization","@id":"https:\/\/sbi29.fr\/blog\/#organization","name":"Foretsensations.fr","url":"https:\/\/sbi29.fr\/blog\/","logo":{"@type":"ImageObject","inLanguage":"fr-FR","@id":"https:\/\/sbi29.fr\/blog\/#\/schema\/logo\/image\/","url":"https:\/\/sbi29.fr\/blog\/wp-content\/uploads\/2024\/12\/SBI29.png","contentUrl":"https:\/\/sbi29.fr\/blog\/wp-content\/uploads\/2024\/12\/SBI29.png","width":500,"height":500,"caption":"Foretsensations.fr"},"image":{"@id":"https:\/\/sbi29.fr\/blog\/#\/schema\/logo\/image\/"}}]}},"_links":{"self":[{"href":"https:\/\/sbi29.fr\/blog\/wp-json\/wp\/v2\/pages\/66","targetHints":{"allow":["GET"]}}],"collection":[{"href":"https:\/\/sbi29.fr\/blog\/wp-json\/wp\/v2\/pages"}],"about":[{"href":"https:\/\/sbi29.fr\/blog\/wp-json\/wp\/v2\/types\/page"}],"author":[{"embeddable":true,"href":"https:\/\/sbi29.fr\/blog\/wp-json\/wp\/v2\/users\/34"}],"replies":[{"embeddable":true,"href":"https:\/\/sbi29.fr\/blog\/wp-json\/wp\/v2\/comments?post=66"}],"version-history":[{"count":1,"href":"https:\/\/sbi29.fr\/blog\/wp-json\/wp\/v2\/pages\/66\/revisions"}],"predecessor-version":[{"id":67,"href":"https:\/\/sbi29.fr\/blog\/wp-json\/wp\/v2\/pages\/66\/revisions\/67"}],"wp:attachment":[{"href":"https:\/\/sbi29.fr\/blog\/wp-json\/wp\/v2\/media?parent=66"}],"curies":[{"name":"wp","href":"https:\/\/api.w.org\/{rel}","templated":true}]}}